{"id":1856,"date":"2025-06-02T06:21:08","date_gmt":"2025-06-02T06:21:08","guid":{"rendered":"https:\/\/balanzasbasculas.com\/balanzasenbogota\/?post_type=product&#038;p=1856"},"modified":"2025-06-02T06:21:08","modified_gmt":"2025-06-02T06:21:08","slug":"celda-de-carga-de-pesaje-dyly-101-tipo-s-sensor-de-celda-de-carga-celda-de-carga-de-compresion-compatible","status":"publish","type":"product","link":"https:\/\/balanzasbasculas.com\/balanzasenbogota\/product\/celda-de-carga-de-pesaje-dyly-101-tipo-s-sensor-de-celda-de-carga-celda-de-carga-de-compresion-compatible\/","title":{"rendered":"Celda de carga de pesaje DYLY-101 tipo S, sensor de celda de carga, celda de carga de compresi\u00f3n compatible."},"content":{"rendered":"<p>\u2022 Industria de fabricaci\u00f3n de maquinaria: como m\u00e1quinas herramienta, m\u00e1quinas de presi\u00f3n, m\u00e1quinas de moldeo por inyecci\u00f3n, etc.<br \/>\n\u2022 Industria petroqu\u00edmica: como petr\u00f3leo, industria qu\u00edmica, gas de hulla, etc.<br \/>\n\u2022 Metalurgia sider\u00fargica: como hierro y acero, metalurgia, fundici\u00f3n, etc.<br \/>\n\u2022 Industria aeroespacial: como aeronaves, cohetes, etc.<\/p>\n<p>&nbsp;<\/p>\n","protected":false},"excerpt":{"rendered":"<p>&nbsp;<\/p>\n<p>&nbsp;<\/p>\n","protected":false},"featured_media":1859,"comment_status":"open","ping_status":"closed","template":"","meta":{"pagelayer_contact_templates":[],"_pagelayer_content":"","site-sidebar-layout":"default","site-content-layout":"","ast-site-content-layout":"default","site-content-style":"default","site-sidebar-style":"default","ast-global-header-display":"","ast-banner-title-visibility":"","ast-main-header-display":"","ast-hfb-above-header-display":"","ast-hfb-below-header-display":"","ast-hfb-mobile-header-display":"","site-post-title":"","ast-breadcrumbs-content":"","ast-featured-img":"","footer-sml-layout":"","theme-transparent-header-meta":"default","adv-header-id-meta":"","stick-header-meta":"","header-above-stick-meta":"","header-main-stick-meta":"","header-below-stick-meta":"","astra-migrate-meta-layouts":"set","ast-page-background-enabled":"default","ast-page-background-meta":{"desktop":{"background-color":"var(--ast-global-color-5)","background-image":"","background-repeat":"repeat","background-position":"center center","background-size":"auto","background-attachment":"scroll","background-type":"","background-media":"","overlay-type":"","overlay-color":"","overlay-opacity":"","overlay-gradient":""},"tablet":{"background-color":"","background-image":"","background-repeat":"repeat","background-position":"center center","background-size":"auto","background-attachment":"scroll","background-type":"","background-media":"","overlay-type":"","overlay-color":"","overlay-opacity":"","overlay-gradient":""},"mobile":{"background-color":"","background-image":"","background-repeat":"repeat","background-position":"center center","background-size":"auto","background-attachment":"scroll","background-type":"","background-media":"","overlay-type":"","overlay-color":"","overlay-opacity":"","overlay-gradient":""}},"ast-content-background-meta":{"desktop":{"background-color":"var(--ast-global-color-4)","background-image":"","background-repeat":"repeat","background-position":"center center","background-size":"auto","background-attachment":"scroll","background-type":"","background-media":"","overlay-type":"","overlay-color":"","overlay-opacity":"","overlay-gradient":""},"tablet":{"background-color":"var(--ast-global-color-4)","background-image":"","background-repeat":"repeat","background-position":"center center","background-size":"auto","background-attachment":"scroll","background-type":"","background-media":"","overlay-type":"","overlay-color":"","overlay-opacity":"","overlay-gradient":""},"mobile":{"background-color":"var(--ast-global-color-4)","background-image":"","background-repeat":"repeat","background-position":"center center","background-size":"auto","background-attachment":"scroll","background-type":"","background-media":"","overlay-type":"","overlay-color":"","overlay-opacity":"","overlay-gradient":""}}},"product_brand":[],"product_cat":[38],"product_tag":[],"class_list":{"0":"post-1856","1":"product","2":"type-product","3":"status-publish","4":"has-post-thumbnail","6":"product_cat-repuestos","7":"desktop-align-left","8":"tablet-align-left","9":"mobile-align-left","11":"first","12":"instock","13":"shipping-taxable","14":"product-type-simple"},"jetpack_sharing_enabled":true,"_links":{"self":[{"href":"https:\/\/balanzasbasculas.com\/balanzasenbogota\/wp-json\/wp\/v2\/product\/1856","targetHints":{"allow":["GET"]}}],"collection":[{"href":"https:\/\/balanzasbasculas.com\/balanzasenbogota\/wp-json\/wp\/v2\/product"}],"about":[{"href":"https:\/\/balanzasbasculas.com\/balanzasenbogota\/wp-json\/wp\/v2\/types\/product"}],"replies":[{"embeddable":true,"href":"https:\/\/balanzasbasculas.com\/balanzasenbogota\/wp-json\/wp\/v2\/comments?post=1856"}],"wp:featuredmedia":[{"embeddable":true,"href":"https:\/\/balanzasbasculas.com\/balanzasenbogota\/wp-json\/wp\/v2\/media\/1859"}],"wp:attachment":[{"href":"https:\/\/balanzasbasculas.com\/balanzasenbogota\/wp-json\/wp\/v2\/media?parent=1856"}],"wp:term":[{"taxonomy":"product_brand","embeddable":true,"href":"https:\/\/balanzasbasculas.com\/balanzasenbogota\/wp-json\/wp\/v2\/product_brand?post=1856"},{"taxonomy":"product_cat","embeddable":true,"href":"https:\/\/balanzasbasculas.com\/balanzasenbogota\/wp-json\/wp\/v2\/product_cat?post=1856"},{"taxonomy":"product_tag","embeddable":true,"href":"https:\/\/balanzasbasculas.com\/balanzasenbogota\/wp-json\/wp\/v2\/product_tag?post=1856"}],"curies":[{"name":"wp","href":"https:\/\/api.w.org\/{rel}","templated":true}]}}